{"id":525,"date":"2026-01-28T21:39:56","date_gmt":"2026-01-28T21:39:56","guid":{"rendered":"https:\/\/softarmour.pl\/?post_type=product&#038;p=525"},"modified":"2026-02-01T19:15:47","modified_gmt":"2026-02-01T19:15:47","slug":"taktyczna-strzelnica-modulowa","status":"publish","type":"product","link":"https:\/\/softarmour.pl\/en\/product\/taktyczna-strzelnica-modulowa\/","title":{"rendered":"Taktyczna strzelnica modu\u0142owa"},"content":{"rendered":"<p>Taktyczna strzelnica modu\u0142owa to zaawansowane i elastyczne rozwi\u0105zanie przeznaczone do<br \/>\nszkolenia os\u00f3b zajmuj\u0105cych si\u0119 strzelectwem, w tym s\u0142u\u017cb mundurowych, s\u0142u\u017cb ratunkowych<br \/>\noraz cywil\u00f3w. Jest to rodzaj strzelnicy, kt\u00f3rej konfiguracja jest zmienna i mo\u017ce by\u0107 dostosowana<br \/>\ndo r\u00f3\u017cnych scenariuszy treningowych. Sk\u0142ada si\u0119 z kilku element\u00f3w, kt\u00f3re mo\u017cna dowolnie<br \/>\n\u0142\u0105czy\u0107, zmienia\u0107 ich uk\u0142ad i dostosowywa\u0107 do potrzeb u\u017cytkownika.<\/p>\n<p>Strzelnice takie znajduj\u0105 zastosowanie w szko\u0142ach strzeleckich, o\u015brodkach szklenia s\u0142u\u017cb mundurowych, wojsku, policji, a tak\u017ce w cywilnym strzelectwie sportowym i rekreacyjnym. <\/p>\n<p>G\u0142\u00f3wne cechy strzelnicy modu\u0142owej:<\/p>\n<p>&#8211; Modularno\u015b\u0107<br \/>\n&#8211; Symulacja rzeczywistych warunk\u00f3w<br \/>\n&#8211; Elastyczno\u015b\u0107<br \/>\n&#8211; Bezpiecze\u0144stwo<br \/>\n&#8211; Interaktywno\u015b\u0107<br \/>\n&#8211; Dostosowanie do r\u00f3\u017cnych broni<br \/>\n&#8211; Szybko\u015b\u0107 realizacji<\/p>\n<p><a href=\"https:\/\/alehale.pl\/kontenery-modulowe\/\" target=\"_blank\" rel=\"noopener\">Wi\u0119cej na stronie producenta. <\/a><\/p>","protected":false},"excerpt":{"rendered":"<p>Taktyczna strzelnica modu\u0142owa to zaawansowane i elastyczne rozwi\u0105zanie przeznaczone do<br \/>\nszkolenia os\u00f3b zajmuj\u0105cych si\u0119 strzelectwem, w tym s\u0142u\u017cb mundurowych, s\u0142u\u017cb ratunkowych<br \/>\noraz cywil\u00f3w.<\/p>","protected":false},"featured_media":550,"template":"","meta":{"_gspb_post_css":""},"product_brand":[27,29],"product_cat":[33],"product_tag":[],"class_list":{"0":"post-525","1":"product","2":"type-product","3":"status-publish","4":"has-post-thumbnail","6":"product_brand-alehale","7":"product_brand-softarmour","8":"product_cat-kontenery-specjalnego-przeznaczenia","10":"first","11":"instock","12":"shipping-taxable","13":"product-type-simple"},"_links":{"self":[{"href":"https:\/\/softarmour.pl\/en\/wp-json\/wp\/v2\/product\/525","targetHints":{"allow":["GET"]}}],"collection":[{"href":"https:\/\/softarmour.pl\/en\/wp-json\/wp\/v2\/product"}],"about":[{"href":"https:\/\/softarmour.pl\/en\/wp-json\/wp\/v2\/types\/product"}],"wp:featuredmedia":[{"embeddable":true,"href":"https:\/\/softarmour.pl\/en\/wp-json\/wp\/v2\/media\/550"}],"wp:attachment":[{"href":"https:\/\/softarmour.pl\/en\/wp-json\/wp\/v2\/media?parent=525"}],"wp:term":[{"taxonomy":"product_brand","embeddable":true,"href":"https:\/\/softarmour.pl\/en\/wp-json\/wp\/v2\/product_brand?post=525"},{"taxonomy":"product_cat","embeddable":true,"href":"https:\/\/softarmour.pl\/en\/wp-json\/wp\/v2\/product_cat?post=525"},{"taxonomy":"product_tag","embeddable":true,"href":"https:\/\/softarmour.pl\/en\/wp-json\/wp\/v2\/product_tag?post=525"}],"curies":[{"name":"wp","href":"https:\/\/api.w.org\/{rel}","templated":true}]}}