{"id":524,"date":"2026-01-28T21:38:58","date_gmt":"2026-01-28T21:38:58","guid":{"rendered":"https:\/\/softarmour.pl\/?post_type=product&#038;p=524"},"modified":"2026-02-01T19:14:40","modified_gmt":"2026-02-01T19:14:40","slug":"mobilny-system-przechowywania-uzbrojenia","status":"publish","type":"product","link":"https:\/\/softarmour.pl\/en\/product\/mobilny-system-przechowywania-uzbrojenia\/","title":{"rendered":"Mobilny System Przechowywania Uzbrojenia"},"content":{"rendered":"<p>Mobilny System Przechowywania Uzbrojenia zosta\u0142 przez nas opracowany, wraz z pojawieniem<br \/>\nsi\u0119 potrzeby na tego rodzaju sprz\u0119t dla utworzonej Obrony Terytorialnej RP.<\/p>\n<p>PRZEZNACZENIE MSPU TO:<br \/>\n\u2022 bezpieczne przechowywanie w warunkach polowych i sta\u0142ej dyslokacji (garnizonowych)<br \/>\n\u2022 transportu uzbrojenia, w tym broni strzeleckiej, mo\u017adzierzy, optyki, amunicji strzeleckiej, \u015brodk\u00f3w pozorowania pola walki oraz innego wyposa\u017cenia.<br \/>\n\u2022 transport i przechowywanie, realizowane w r\u00f3\u017cnych warunkach klimatycznych, celem zabezpieczenia szkolenia strzeleckiego na placach \u0107wicze\u0144 oraz w o\u015brodkach szkolenia poligonowego.<\/p>","protected":false},"excerpt":{"rendered":"<p>Mobilny System Przechowywania Uzbrojenia zosta\u0142 przez nas opracowany, wraz z pojawieniem<br \/>\nsi\u0119 potrzeby na tego rodzaju sprz\u0119t dla utworzonej Obrony Terytorialnej RP.<\/p>","protected":false},"featured_media":587,"template":"","meta":{"_gspb_post_css":""},"product_brand":[27,29],"product_cat":[33],"product_tag":[34],"class_list":{"0":"post-524","1":"product","2":"type-product","3":"status-publish","4":"has-post-thumbnail","6":"product_brand-alehale","7":"product_brand-softarmour","8":"product_cat-kontenery-specjalnego-przeznaczenia","9":"product_tag-mobilny-kontener","11":"first","12":"instock","13":"shipping-taxable","14":"product-type-simple"},"_links":{"self":[{"href":"https:\/\/softarmour.pl\/en\/wp-json\/wp\/v2\/product\/524","targetHints":{"allow":["GET"]}}],"collection":[{"href":"https:\/\/softarmour.pl\/en\/wp-json\/wp\/v2\/product"}],"about":[{"href":"https:\/\/softarmour.pl\/en\/wp-json\/wp\/v2\/types\/product"}],"wp:featuredmedia":[{"embeddable":true,"href":"https:\/\/softarmour.pl\/en\/wp-json\/wp\/v2\/media\/587"}],"wp:attachment":[{"href":"https:\/\/softarmour.pl\/en\/wp-json\/wp\/v2\/media?parent=524"}],"wp:term":[{"taxonomy":"product_brand","embeddable":true,"href":"https:\/\/softarmour.pl\/en\/wp-json\/wp\/v2\/product_brand?post=524"},{"taxonomy":"product_cat","embeddable":true,"href":"https:\/\/softarmour.pl\/en\/wp-json\/wp\/v2\/product_cat?post=524"},{"taxonomy":"product_tag","embeddable":true,"href":"https:\/\/softarmour.pl\/en\/wp-json\/wp\/v2\/product_tag?post=524"}],"curies":[{"name":"wp","href":"https:\/\/api.w.org\/{rel}","templated":true}]}}