{"id":523,"date":"2026-01-28T21:37:26","date_gmt":"2026-01-28T21:37:26","guid":{"rendered":"https:\/\/softarmour.pl\/?post_type=product&#038;p=523"},"modified":"2026-02-01T19:16:14","modified_gmt":"2026-02-01T19:16:14","slug":"kontener-specjalistyczny-do-przechowywania-srodkow-bojowych","status":"publish","type":"product","link":"https:\/\/softarmour.pl\/en\/product\/kontener-specjalistyczny-do-przechowywania-srodkow-bojowych\/","title":{"rendered":"Kontener specjalistyczny do przechowywania \u015brodk\u00f3w bojowych"},"content":{"rendered":"<p>Kontener specjalistyczny do przechowywania \u015brodk\u00f3w bojowych jest przeznaczony do bezpiecznego sk\u0142adowania materia\u0142\u00f3w o charakterze wojskowym, takich jak amunicja, materia\u0142y<br \/>\nwybuchowe i inne \u015brodki bojowe. Tego typu kontener zapewnia odpowiednie zabezpieczenia, w tym izolacj\u0119, wentylacj\u0119 i zabezpieczenia przeciwpo\u017carowe, aby zminimalizowa\u0107 ryzy-<br \/>\nko przypadkowego zap\u0142onu lub nieautoryzowanego dost\u0119pu. Zosta\u0142 zaprojektowany zgodnie z przepisami bezpiecze\u0144stwa i wymogami dla przechowywania tego rodzaju materia\u0142\u00f3w, zapewniaj\u0105c ochron\u0119 zar\u00f3wno u\u017cytkownik\u00f3w, jak i otoczenia.<\/p>\n<p><strong>Wysoki poziom bezpiecze\u0144stwa:<\/strong><br \/>\nKonstrukcja kontenera gwarantuje odpowiedni\u0105 izolacj\u0119 i zabezpieczenia, chroni\u0105c przed wybuchem, przypadkowym zap\u0142onem oraz nieautoryzowanym dost\u0119pem.<\/p>\n<p><strong>Mobilno\u015b\u0107 i wszechstronno\u015b\u0107:<\/strong><br \/>\nKontener mo\u017cna \u0142atwo przetransportowa\u0107 i ustawi\u0107 w r\u00f3\u017cnych lokalizacjach, co pozwala na elastyczne zarz\u0105dzanie magazynowaniem \u015brodk\u00f3w bojowych w zale\u017cno\u015bci od potrzeb operacyjnych.<\/p>\n<p><a href=\"https:\/\/alehale.pl\/kontenery-inne\/\" target=\"_blank\" rel=\"noopener\">Wi\u0119cej na stronie producenta.<\/a><\/p>","protected":false},"excerpt":{"rendered":"<p>Kontener specjalistyczny do przechowywania \u015brodk\u00f3w bojowych jest przeznaczony do bezpiecznego sk\u0142adowania materia\u0142\u00f3w o charakterze wojskowym.<\/p>","protected":false},"featured_media":545,"template":"","meta":{"_gspb_post_css":""},"product_brand":[27,29],"product_cat":[33],"product_tag":[35],"class_list":{"0":"post-523","1":"product","2":"type-product","3":"status-publish","4":"has-post-thumbnail","6":"product_brand-alehale","7":"product_brand-softarmour","8":"product_cat-kontenery-specjalnego-przeznaczenia","9":"product_tag-mobilny-punkt-przechowywania-srodkow-bojowych","11":"first","12":"instock","13":"shipping-taxable","14":"product-type-simple"},"_links":{"self":[{"href":"https:\/\/softarmour.pl\/en\/wp-json\/wp\/v2\/product\/523","targetHints":{"allow":["GET"]}}],"collection":[{"href":"https:\/\/softarmour.pl\/en\/wp-json\/wp\/v2\/product"}],"about":[{"href":"https:\/\/softarmour.pl\/en\/wp-json\/wp\/v2\/types\/product"}],"wp:featuredmedia":[{"embeddable":true,"href":"https:\/\/softarmour.pl\/en\/wp-json\/wp\/v2\/media\/545"}],"wp:attachment":[{"href":"https:\/\/softarmour.pl\/en\/wp-json\/wp\/v2\/media?parent=523"}],"wp:term":[{"taxonomy":"product_brand","embeddable":true,"href":"https:\/\/softarmour.pl\/en\/wp-json\/wp\/v2\/product_brand?post=523"},{"taxonomy":"product_cat","embeddable":true,"href":"https:\/\/softarmour.pl\/en\/wp-json\/wp\/v2\/product_cat?post=523"},{"taxonomy":"product_tag","embeddable":true,"href":"https:\/\/softarmour.pl\/en\/wp-json\/wp\/v2\/product_tag?post=523"}],"curies":[{"name":"wp","href":"https:\/\/api.w.org\/{rel}","templated":true}]}}