{"id":522,"date":"2026-01-28T21:35:59","date_gmt":"2026-01-28T21:35:59","guid":{"rendered":"https:\/\/softarmour.pl\/?post_type=product&#038;p=522"},"modified":"2026-02-01T19:22:57","modified_gmt":"2026-02-01T19:22:57","slug":"mobilne-centrum-dowodzenia","status":"publish","type":"product","link":"https:\/\/softarmour.pl\/en\/product\/mobilne-centrum-dowodzenia\/","title":{"rendered":"Mobilne Centrum Dowodzenia"},"content":{"rendered":"<p>Mobilne Centrum Dowodzenia to nowoczesna, autonomiczna jednostka operacyjna zbudowana<br \/>\nna bazie kontenera morskiego 20-stopowego, przystosowana do pracy w warunkach polowych<br \/>\noraz w \u015brodowiskach o podwy\u017cszonym poziomie zagro\u017cenia. Zaprojektowane z my\u015bl\u0105 o s\u0142u\u017cbach<br \/>\nmundurowych, centrach zarz\u0105dzania kryzysowego, formacjach obrony cywilnej oraz zespo\u0142ach<br \/>\nratowniczych, stanowi niezale\u017cn\u0105 i bezpieczn\u0105 przestrze\u0144 do prowadzenia dzia\u0142a\u0144 dow\u00f3dczych,<br \/>\nkoordynacyjnych i analitycznych.<br \/>\nObiekt spe\u0142nia najwy\u017csze wymagania w zakresie mobilno\u015bci, niezale\u017cno\u015bci energetycznej,<br \/>\nodporno\u015bci \u015brodowiskowej i kompatybilno\u015bci z infrastruktur\u0105 \u0142\u0105czno\u015bci oraz IT.<\/p>","protected":false},"excerpt":{"rendered":"<p>Mobilne Centrum Dowodzenia to nowoczesna, autonomiczna jednostka operacyjna zbudowana<br \/>\nna bazie kontenera morskiego 20-stopowego.<\/p>","protected":false},"featured_media":0,"template":"","meta":{"_gspb_post_css":""},"product_brand":[],"product_cat":[28],"product_tag":[],"class_list":{"0":"post-522","1":"product","2":"type-product","3":"status-publish","5":"product_cat-mobilne-centrum-dowodzenia","7":"first","8":"instock","9":"shipping-taxable","10":"product-type-simple"},"_links":{"self":[{"href":"https:\/\/softarmour.pl\/en\/wp-json\/wp\/v2\/product\/522","targetHints":{"allow":["GET"]}}],"collection":[{"href":"https:\/\/softarmour.pl\/en\/wp-json\/wp\/v2\/product"}],"about":[{"href":"https:\/\/softarmour.pl\/en\/wp-json\/wp\/v2\/types\/product"}],"wp:attachment":[{"href":"https:\/\/softarmour.pl\/en\/wp-json\/wp\/v2\/media?parent=522"}],"wp:term":[{"taxonomy":"product_brand","embeddable":true,"href":"https:\/\/softarmour.pl\/en\/wp-json\/wp\/v2\/product_brand?post=522"},{"taxonomy":"product_cat","embeddable":true,"href":"https:\/\/softarmour.pl\/en\/wp-json\/wp\/v2\/product_cat?post=522"},{"taxonomy":"product_tag","embeddable":true,"href":"https:\/\/softarmour.pl\/en\/wp-json\/wp\/v2\/product_tag?post=522"}],"curies":[{"name":"wp","href":"https:\/\/api.w.org\/{rel}","templated":true}]}}