{"id":520,"date":"2026-01-28T21:33:03","date_gmt":"2026-01-28T21:33:03","guid":{"rendered":"https:\/\/softarmour.pl\/?post_type=product&#038;p=520"},"modified":"2026-02-01T19:16:42","modified_gmt":"2026-02-01T19:16:42","slug":"kontener-obserwacyjny","status":"publish","type":"product","link":"https:\/\/softarmour.pl\/en\/product\/kontener-obserwacyjny\/","title":{"rendered":"Kontener obserwacyjny"},"content":{"rendered":"<p>Specjalistyczny, opancerzony, nowoczesny i mobilny punkt obserwacyjno-dow\u00f3dczy<br \/>\nZaprojektowany z my\u015bl\u0105 o wsparciu operacji dla bezza\u0142ogowych statk\u00f3w powietrznych (UAV).<br \/>\nObiekt odporny na zagro\u017cenia CBRN (chemiczne, biologiczne, radioaktywne i nuklearne).<br \/>\nZbudowany na bazie 10-stopowego kontenera morskiego i przystosowany do szybkiego<br \/>\ntransportu, rozstawienia i eksploatacji w warunkach bojowych.<\/p>\n<p>Podstawowe cechy:<br \/>\n&#8211; Konstrukcja opancerzona: pe\u0142na ochrona balistyczna przed ostrza\u0142em z broni kalibru 7.62&#215;51 NATO (P-80)<br \/>\n&#8211; Cztery okna obserwacyjne z szybami kuloodpornymi klasy BR 7  &#8211; zapewniaj\u0105 widoczno\u015b\u0107 przy zachowaniu maksymalnego bezpiecze\u0144stwa<br \/>\n&#8211; Monitoring wizyjny CCTV: system kamer zewn\u0119trznych z rejestracj\u0105 zapisu do 90 dni i mo\u017cliwo\u015bci\u0105 zdalnego podgl\u0105du 24\/7<br \/>\n&#8211; Autonomiczne zasilanie: cichobie\u017cny agregat pr\u0105dotw\u00f3rczy z systemem wyg\u0142uszaj\u0105cym, zapewniaj\u0105cy niezale\u017cno\u015b\u0107 energetyczn\u0105<br \/>\n&#8211; Ergonomiczne wn\u0119trze: stanowiska dla dwuosobowej za\u0142ogi (operator + obserwator) oraz przestrze\u0144 do odpoczynku dla jednego z \u017co\u0142nierzy w systemie zmianowym<br \/>\n<a href=\"https:\/\/alehale.pl\/kontenery-inne\/\" target=\"_blank\" title=\"Wi\u0119cej na stronie producenta\" rel=\"noopener\">Wi\u0119cej na stronie producenta<\/a><\/p>\n<p>Mobilny Punkt Ochronny to rozwi\u0105zanie umo\u017cliwiaj\u0105ce szybkie rozmieszczenie stanowiska ochronnego w wyznaczonym obszarze w sytuacji kryzysu \u2013 zar\u00f3wno w czasie dzia\u0142a\u0144 ratowniczych, jak i w ramach \u0107wicze\u0144.<\/p>\n<p>Jak wpisuje si\u0119 w <a href=\"https:\/\/isap.sejm.gov.pl\/isap.nsf\/download.xsp\/WDU20240001907\/T\/D20241907L.pdf\" target=\"_blank\" rel=\"noopener\">ustaw\u0119<\/a><\/p>\n<p>Ustawa stawia na mobilno\u015b\u0107 i elastyczno\u015b\u0107 reagowania na zagro\u017cenia.<\/p>\n<p>Produkt wspiera planowanie i realizacj\u0119 dzia\u0142a\u0144 obrony cywilnej oraz zabezpieczenia logistycznego w sytuacjach kryzysowych.<\/p>\n<p>Korzy\u015bci<\/p>\n<p>Szybki monta\u017c i demonta\u017c w strefach ryzyka.<\/p>\n<p>Umo\u017cliwia tworzenie punkt\u00f3w informacyjnych i zabezpieczenia operacyjnego podczas dzia\u0142a\u0144 ratunkowych.<\/p>","protected":false},"excerpt":{"rendered":"<p>Specjalistyczny, opancerzony, nowoczesny i mobilny punkt obserwacyjno-dow\u00f3dczy. <\/p>","protected":false},"featured_media":526,"template":"","meta":{"_gspb_post_css":""},"product_brand":[27,29],"product_cat":[21,33],"product_tag":[30],"class_list":{"0":"post-520","1":"product","2":"type-product","3":"status-publish","4":"has-post-thumbnail","6":"product_brand-alehale","7":"product_brand-softarmour","8":"product_cat-mpo","9":"product_cat-kontenery-specjalnego-przeznaczenia","10":"product_tag-mobilny-punkt-obserwacyjny","12":"first","13":"instock","14":"shipping-taxable","15":"product-type-simple"},"_links":{"self":[{"href":"https:\/\/softarmour.pl\/en\/wp-json\/wp\/v2\/product\/520","targetHints":{"allow":["GET"]}}],"collection":[{"href":"https:\/\/softarmour.pl\/en\/wp-json\/wp\/v2\/product"}],"about":[{"href":"https:\/\/softarmour.pl\/en\/wp-json\/wp\/v2\/types\/product"}],"wp:featuredmedia":[{"embeddable":true,"href":"https:\/\/softarmour.pl\/en\/wp-json\/wp\/v2\/media\/526"}],"wp:attachment":[{"href":"https:\/\/softarmour.pl\/en\/wp-json\/wp\/v2\/media?parent=520"}],"wp:term":[{"taxonomy":"product_brand","embeddable":true,"href":"https:\/\/softarmour.pl\/en\/wp-json\/wp\/v2\/product_brand?post=520"},{"taxonomy":"product_cat","embeddable":true,"href":"https:\/\/softarmour.pl\/en\/wp-json\/wp\/v2\/product_cat?post=520"},{"taxonomy":"product_tag","embeddable":true,"href":"https:\/\/softarmour.pl\/en\/wp-json\/wp\/v2\/product_tag?post=520"}],"curies":[{"name":"wp","href":"https:\/\/api.w.org\/{rel}","templated":true}]}}