{"id":411,"date":"2025-12-08T19:08:09","date_gmt":"2025-12-08T19:08:09","guid":{"rendered":"https:\/\/softarmour.pl\/?post_type=product&#038;p=411"},"modified":"2026-02-15T18:51:02","modified_gmt":"2026-02-15T18:51:02","slug":"oslona","status":"publish","type":"product","link":"https:\/\/softarmour.pl\/en\/product\/oslona\/","title":{"rendered":"Os\u0142ona balistyczna twarda"},"content":{"rendered":"<p>Os\u0142ona Balistyczna Twarda \/ metalowa, mo\u017ce by\u0107 zastosowana do ochrony budynk\u00f3w istniej\u0105cych, kontener\u00f3w, hangar\u00f3w, sk\u0142adowisk materia\u0142\u00f3w wybuchowych, i innych.<\/p>","protected":false},"excerpt":{"rendered":"<p>Podstawowe wymiary panela to 30 cm szeroko\u015b\u0107, 10  cm grubo\u015b\u0107, wysoko\u015b\u0107 do ustalenia w zale\u017cno\u015bci od potrzeb klienta.<br \/>\nW zestawie ; listwa startowa dolna, panel, \u0142\u0105cznik prosty lub naro\u017cny, listwa g\u00f3rna.<\/p>","protected":false},"featured_media":412,"template":"","meta":{"_gspb_post_css":""},"product_brand":[],"product_cat":[23],"product_tag":[],"class_list":{"0":"post-411","1":"product","2":"type-product","3":"status-publish","4":"has-post-thumbnail","6":"product_cat-oslona-balistyczna","8":"first","9":"instock","10":"shipping-taxable","11":"product-type-simple"},"_links":{"self":[{"href":"https:\/\/softarmour.pl\/en\/wp-json\/wp\/v2\/product\/411","targetHints":{"allow":["GET"]}}],"collection":[{"href":"https:\/\/softarmour.pl\/en\/wp-json\/wp\/v2\/product"}],"about":[{"href":"https:\/\/softarmour.pl\/en\/wp-json\/wp\/v2\/types\/product"}],"wp:featuredmedia":[{"embeddable":true,"href":"https:\/\/softarmour.pl\/en\/wp-json\/wp\/v2\/media\/412"}],"wp:attachment":[{"href":"https:\/\/softarmour.pl\/en\/wp-json\/wp\/v2\/media?parent=411"}],"wp:term":[{"taxonomy":"product_brand","embeddable":true,"href":"https:\/\/softarmour.pl\/en\/wp-json\/wp\/v2\/product_brand?post=411"},{"taxonomy":"product_cat","embeddable":true,"href":"https:\/\/softarmour.pl\/en\/wp-json\/wp\/v2\/product_cat?post=411"},{"taxonomy":"product_tag","embeddable":true,"href":"https:\/\/softarmour.pl\/en\/wp-json\/wp\/v2\/product_tag?post=411"}],"curies":[{"name":"wp","href":"https:\/\/api.w.org\/{rel}","templated":true}]}}