{"id":389,"date":"2025-05-19T14:22:38","date_gmt":"2025-05-19T14:22:38","guid":{"rendered":"https:\/\/softarmour.pl\/?post_type=product&#038;p=389"},"modified":"2026-02-09T22:04:24","modified_gmt":"2026-02-09T22:04:24","slug":"worki-na-soft-protect","status":"publish","type":"product","link":"https:\/\/softarmour.pl\/en\/product\/worki-na-soft-protect\/","title":{"rendered":"Os\u0142ona balistyczna mi\u0119kka"},"content":{"rendered":"<p>Os\u0142ony balistyczne mi\u0119kkie \/ tekstylne.<br \/>\nW zale\u017cno\u015bci od zapotrzebowania produkujemy ro\u017cnej wielko\u015bci panele; od 60 cm X 60 cm, 120 cm X 60 cm, 120 cm X 30 cm lub inne w zale\u017cno\u015bci od zapotrzebowania.<br \/>\nPanele mo\u017cemy u\u017cy\u0107 do: tymczasowej ochrony mienia i os\u00f3b, serwerowni, instalacji gazowych, zabezpieczenia istniej\u0105cych otwor\u00f3w, okna, fasady szklane, muzea, szpitale, szko\u0142y,  itd&#8230;.<\/p>","protected":false},"excerpt":{"rendered":"<p>Worki \/ Os\u0142ony balistyczne mi\u0119kkie \/ tekstylne.<br \/>\nKuloodporna konstrukcja mi\u0119kka, oparta na wype\u0142nieniu materia\u0142u tekstylnego produktem SoftArmour.<\/p>","protected":false},"featured_media":322,"template":"","meta":{"_gspb_post_css":""},"product_brand":[29],"product_cat":[23,26,25],"product_tag":[36],"class_list":{"0":"post-389","1":"product","2":"type-product","3":"status-publish","4":"has-post-thumbnail","6":"product_brand-softarmour","7":"product_cat-oslona-balistyczna","8":"product_cat-worki-na-softarmour","9":"product_cat-softarmour","10":"product_tag-softprotect","12":"first","13":"instock","14":"virtual","15":"product-type-simple"},"_links":{"self":[{"href":"https:\/\/softarmour.pl\/en\/wp-json\/wp\/v2\/product\/389","targetHints":{"allow":["GET"]}}],"collection":[{"href":"https:\/\/softarmour.pl\/en\/wp-json\/wp\/v2\/product"}],"about":[{"href":"https:\/\/softarmour.pl\/en\/wp-json\/wp\/v2\/types\/product"}],"wp:featuredmedia":[{"embeddable":true,"href":"https:\/\/softarmour.pl\/en\/wp-json\/wp\/v2\/media\/322"}],"wp:attachment":[{"href":"https:\/\/softarmour.pl\/en\/wp-json\/wp\/v2\/media?parent=389"}],"wp:term":[{"taxonomy":"product_brand","embeddable":true,"href":"https:\/\/softarmour.pl\/en\/wp-json\/wp\/v2\/product_brand?post=389"},{"taxonomy":"product_cat","embeddable":true,"href":"https:\/\/softarmour.pl\/en\/wp-json\/wp\/v2\/product_cat?post=389"},{"taxonomy":"product_tag","embeddable":true,"href":"https:\/\/softarmour.pl\/en\/wp-json\/wp\/v2\/product_tag?post=389"}],"curies":[{"name":"wp","href":"https:\/\/api.w.org\/{rel}","templated":true}]}}