{"id":429,"date":"2025-12-16T21:12:42","date_gmt":"2025-12-16T21:12:42","guid":{"rendered":"https:\/\/softarmour.pl\/?page_id=429"},"modified":"2026-04-18T12:32:00","modified_gmt":"2026-04-18T12:32:00","slug":"partnerzy","status":"publish","type":"page","link":"https:\/\/softarmour.pl\/en\/partnerzy\/","title":{"rendered":"Partnerzy"},"content":{"rendered":"<div class=\"wp-block-stackable-heading stk-block-heading stk-block-heading--v2 stk-block stk-28d1b95\" id=\"partnerzy-i-wspolpraca\" data-block-id=\"28d1b95\"><h2 class=\"stk-block-heading__text\">Partnerzy i wsp\u00f3\u0142praca:<\/h2><\/div>\n\n\n<style>.wp-block-kadence-spacer.kt-block-spacer-429_94351c-39 .kt-block-spacer{height:21px;}.wp-block-kadence-spacer.kt-block-spacer-429_94351c-39 .kt-divider{border-top-width:5px;height:1px;border-top-color:var(--theme-palette-color-2, #fd7c47);width:75%;border-top-style:solid;}@media all and (max-width: 767px){.wp-block-kadence-spacer.kt-block-spacer-429_94351c-39 .kt-block-spacer{height:26px!important;}}<\/style>\n<div class=\"wp-block-kadence-spacer aligncenter kt-block-spacer-429_94351c-39\"><div class=\"kt-block-spacer kt-block-spacer-halign-center\"><hr class=\"kt-divider\"\/><\/div><\/div>\n\n\n\n<p class=\"has-medium-font-size\"><strong><a href=\"https:\/\/alehale.pl\/\" target=\"_blank\" rel=\"noopener\">ALEHALE<\/a><\/strong> &#8211; projektowanie, produkcja i monta\u017c&nbsp;<strong>Hal Stalowych<\/strong>,&nbsp;<strong>Kontener\u00f3w<\/strong>&nbsp;oraz&nbsp;<strong>Mobilnych Dom\u00f3w<\/strong><\/p>\n\n\n\n<section class=\"wp-block-greenshift-blocks-row alignfull gspb_row gspb_row-id-gsbp-e77effd\" id=\"gspb_row-id-gsbp-e77effd\"><div class=\"gspb_row__content\"> \n<div class=\"wp-block-greenshift-blocks-row-column gspb_row__col--12 gspb_col-id-gsbp-ae31162\" id=\"gspb_col-id-gsbp-ae31162\">\n<div class=\"wp-block-stackable-image stk-block-image stk-block stk-53727fc\" data-block-id=\"53727fc\"><style>.stk-53727fc .stk-img-wrapper{width:443px !important;height:216px !important;}<\/style><figure><a class=\"stk-link\" href=\"https:\/\/alehale.pl\/\" target=\"_blank\" rel=\"noreferrer noopener\"><span class=\"stk-img-wrapper stk-image--shape-stretch\"><img loading=\"lazy\" decoding=\"async\" class=\"stk-img wp-image-499\" src=\"https:\/\/softarmour.pl\/wp-content\/uploads\/2026\/01\/Logotyp-AH-1-300x146.webp\" width=\"300\" height=\"146\" alt=\"alehale\" srcset=\"https:\/\/softarmour.pl\/wp-content\/uploads\/2026\/01\/Logotyp-AH-1-300x146.webp 300w, https:\/\/softarmour.pl\/wp-content\/uploads\/2026\/01\/Logotyp-AH-1-1024x497.webp 1024w, https:\/\/softarmour.pl\/wp-content\/uploads\/2026\/01\/Logotyp-AH-1-768x373.webp 768w, https:\/\/softarmour.pl\/wp-content\/uploads\/2026\/01\/Logotyp-AH-1-18x9.webp 18w, https:\/\/softarmour.pl\/wp-content\/uploads\/2026\/01\/Logotyp-AH-1-600x291.webp 600w, https:\/\/softarmour.pl\/wp-content\/uploads\/2026\/01\/Logotyp-AH-1.webp 1080w\" sizes=\"auto, (max-width: 300px) 100vw, 300px\" \/><\/span><\/a><\/figure><\/div>\n<\/div>\n <\/div><\/section>\n\n\n\n<div class=\"wp-block-stackable-text stk-block-text stk-block stk-0463fd8\" data-block-id=\"0463fd8\"><style>.stk-0463fd8 {margin-bottom:9px !important;}<\/style><p class=\"stk-block-text__text\">Do pobrania Katalogi w j\u0119zyku francuskim polskim i angielskim:<\/p><\/div>\n\n\n\n<section class=\"wp-block-greenshift-blocks-row alignfull gspb_row gspb_row-id-gsbp-40d57b7\" id=\"gspb_row-id-gsbp-40d57b7\"><div class=\"gspb_row__content\"> \n<div class=\"wp-block-greenshift-blocks-row-column gspb_row__col--12 gspb_col-id-gsbp-d3e39f3\" id=\"gspb_col-id-gsbp-d3e39f3\">\n<div class=\"wp-block-stackable-columns stk-block-columns stk-block stk-5d41954\" data-block-id=\"5d41954\"><div class=\"stk-row stk-inner-blocks stk-block-content stk-content-align stk-5d41954-column\">\n<div class=\"wp-block-stackable-column stk-block-column stk-column stk-block stk-8db9b24\" data-v=\"4\" data-block-id=\"8db9b24\"><div class=\"stk-column-wrapper stk-block-column__content stk-container stk-8db9b24-container stk--no-background stk--no-padding\"><div class=\"stk-block-content stk-inner-blocks stk-8db9b24-inner-blocks\">\n<div class=\"wp-block-file\"><a id=\"wp-block-file--media-6580ec18-98e4-43bc-86ee-2ffd8003e562\" href=\"https:\/\/softarmour.pl\/en\/partnerzy\/alehale-fr\/\" target=\"_blank\" rel=\"noreferrer noopener\">CATALOGUE DE SOLUTIONS DE D\u00c9FENSE ET DE S\u00c9CURIT\u00c9<\/a><a href=\"https:\/\/softarmour.pl\/wp-content\/uploads\/2026\/02\/ALEHALE-FR.pdf\" class=\"wp-block-file__button wp-element-button\" aria-describedby=\"wp-block-file--media-6580ec18-98e4-43bc-86ee-2ffd8003e562\" download>Pobierz<\/a><\/div>\n\n\n\n<div class=\"wp-block-file\"><a id=\"wp-block-file--media-e8f3fefe-ce63-45b2-9d65-494ca973d874\" href=\"https:\/\/softarmour.pl\/wp-content\/uploads\/2026\/02\/ALEHALE_Katalog_Produktow_Obrony_Terytorialnej_12_PODGLAD.pdf\">ALEHALE Katalog Produkt\u00f3w<\/a><a href=\"https:\/\/softarmour.pl\/wp-content\/uploads\/2026\/02\/ALEHALE_Katalog_Produktow_Obrony_Terytorialnej_12_PODGLAD.pdf\" class=\"wp-block-file__button wp-element-button\" aria-describedby=\"wp-block-file--media-e8f3fefe-ce63-45b2-9d65-494ca973d874\" download>Pobierz<\/a><\/div>\n\n\n\n<div class=\"wp-block-file\"><a id=\"wp-block-file--media-07cb58da-2476-4203-936e-22e863fbd6d9\" href=\"https:\/\/softarmour.pl\/wp-content\/uploads\/2026\/02\/ALEHALE_Territorial_Defense_Product_Catalog_3_PREVIEW.pdf\">ALEHALE Territorial Defense Product Catalog<\/a><a href=\"https:\/\/softarmour.pl\/wp-content\/uploads\/2026\/02\/ALEHALE_Territorial_Defense_Product_Catalog_3_PREVIEW.pdf\" class=\"wp-block-file__button wp-element-button\" aria-describedby=\"wp-block-file--media-07cb58da-2476-4203-936e-22e863fbd6d9\" download>Pobierz<\/a><\/div>\n<\/div><\/div><\/div>\n<\/div><\/div>\n<\/div>\n <\/div><\/section>\n\n\n<style>.wp-block-kadence-spacer.kt-block-spacer-429_849284-41 .kt-block-spacer{height:30px;}.wp-block-kadence-spacer.kt-block-spacer-429_849284-41 .kt-divider{border-top-width:5px;height:1px;border-top-color:var(--theme-palette-color-2, #fd7c47);width:75%;border-top-style:solid;}<\/style>\n<div class=\"wp-block-kadence-spacer aligncenter kt-block-spacer-429_849284-41\"><div class=\"kt-block-spacer kt-block-spacer-halign-center\"><hr class=\"kt-divider\"\/><\/div><\/div>\n\n\n\n<section class=\"wp-block-greenshift-blocks-row alignfull gspb_row gspb_row-id-gsbp-562596d\" id=\"gspb_row-id-gsbp-562596d\"><div class=\"gspb_row__content\"> \n<div class=\"wp-block-greenshift-blocks-row-column gspb_row__col--12 gspb_col-id-gsbp-ee13dd8\" id=\"gspb_col-id-gsbp-ee13dd8\">\n<div class=\"wp-block-stackable-columns stk-block-columns stk-block stk-efe7b5e\" data-block-id=\"efe7b5e\"><div class=\"stk-row stk-inner-blocks stk-block-content stk-content-align stk-efe7b5e-column\">\n<div class=\"wp-block-stackable-column stk-block-column stk-column stk-block stk-8fb7da9\" data-v=\"4\" data-block-id=\"8fb7da9\"><div class=\"stk-column-wrapper stk-block-column__content stk-container stk-8fb7da9-container stk--no-background stk--no-padding\"><div class=\"stk-block-content stk-inner-blocks stk-8fb7da9-inner-blocks\">\n<p class=\"has-medium-font-size\"><strong><a href=\"https:\/\/www.astriva.pl\/\" target=\"_blank\" rel=\"noopener\">Astriva<\/a><\/strong> Niezawodna Ochrona osobista Nowej Generacji.<\/p>\n\n\n\n<div class=\"wp-block-greenshift-blocks-image gspb_image gspb_image-id-gsbp-b7ced3d\" id=\"gspb_image-id-gsbp-b7ced3d\"><a href=\"https:\/\/www.astriva.pl\/\" target=\"_blank\" rel=\"noopener\"><img decoding=\"async\" src=\"https:\/\/softarmour.pl\/wp-content\/uploads\/2026\/02\/zielony_ASTRIVA_napis_700x400px.png\" data-src=\"\" alt=\"\" loading=\"lazy\" width=\"600px\" height=\"400\"\/><\/a><\/div>\n<\/div><\/div><\/div>\n<\/div><\/div>\n<\/div>\n <\/div><\/section>\n\n\n<style>.wp-block-kadence-spacer.kt-block-spacer-429_14bbc2-62 .kt-block-spacer{height:30px;}.wp-block-kadence-spacer.kt-block-spacer-429_14bbc2-62 .kt-divider{border-top-width:5px;height:1px;border-top-color:var(--theme-palette-color-2, #fd7c47);width:75%;border-top-style:solid;}<\/style>\n<div class=\"wp-block-kadence-spacer aligncenter kt-block-spacer-429_14bbc2-62\"><div class=\"kt-block-spacer kt-block-spacer-halign-center\"><hr class=\"kt-divider\"\/><\/div><\/div>\n\n\n\n<section class=\"wp-block-greenshift-blocks-row alignfull gspb_row gspb_row-id-gsbp-d52c204\" id=\"gspb_row-id-gsbp-d52c204\"><div class=\"gspb_row__content\"> \n<div class=\"wp-block-greenshift-blocks-row-column gspb_row__col--12 gspb_col-id-gsbp-6af402f\" id=\"gspb_col-id-gsbp-6af402f\">\n<div class=\"wp-block-stackable-columns stk-block-columns stk-block stk-8744eb6\" data-block-id=\"8744eb6\"><div class=\"stk-row stk-inner-blocks stk-block-content stk-content-align stk-8744eb6-column\">\n<div class=\"wp-block-stackable-column stk-block-column stk-column stk-block stk-f0dd5bb\" data-v=\"4\" data-block-id=\"f0dd5bb\"><div class=\"stk-column-wrapper stk-block-column__content stk-container stk-f0dd5bb-container stk--no-background stk--no-padding\"><div class=\"stk-block-content stk-inner-blocks stk-f0dd5bb-inner-blocks\">\n<p class=\"has-medium-font-size\"><a href=\"https:\/\/tacticalapparelgroup.com\/\" target=\"_blank\" rel=\"noopener\"><strong>Tactical Aparel Group<\/strong><\/a> Projektowanie i produkcja profesjonalnej odzie\u017cy taktycznej i mundurowej.<\/p>\n\n\n\n<div class=\"wp-block-greenshift-blocks-image gspb_image gspb_image-id-gsbp-5fc48e6\" id=\"gspb_image-id-gsbp-5fc48e6\"><a href=\"https:\/\/tacticalapparelgroup.com\/\" target=\"_blank\" rel=\"noopener\"><img decoding=\"async\" src=\"https:\/\/softarmour.pl\/wp-content\/uploads\/2026\/02\/TAG-Group.webp\" data-src=\"\" alt=\"\" loading=\"lazy\" width=\"600px\" height=\"754\"\/><\/a><\/div>\n<\/div><\/div><\/div>\n<\/div><\/div>\n<\/div>\n <\/div><\/section>\n\n\n<style>.wp-block-kadence-spacer.kt-block-spacer-429_1cdb2d-1a .kt-block-spacer{height:30px;}.wp-block-kadence-spacer.kt-block-spacer-429_1cdb2d-1a .kt-divider{border-top-width:5px;height:1px;border-top-color:var(--theme-palette-color-2, #fd7c47);width:75%;border-top-style:solid;}<\/style>\n<div class=\"wp-block-kadence-spacer aligncenter kt-block-spacer-429_1cdb2d-1a\"><div class=\"kt-block-spacer kt-block-spacer-halign-center\"><hr class=\"kt-divider\"\/><\/div><\/div>\n\n\n\n<section class=\"wp-block-greenshift-blocks-row alignfull gspb_row gspb_row-id-gsbp-cd9b2f8\" id=\"gspb_row-id-gsbp-cd9b2f8\"><div class=\"gspb_row__content\"> \n<div class=\"wp-block-greenshift-blocks-row-column gspb_row__col--12 gspb_col-id-gsbp-a108e70\" id=\"gspb_col-id-gsbp-a108e70\">\n<div class=\"wp-block-stackable-columns stk-block-columns stk-block stk-2505960\" data-block-id=\"2505960\"><div class=\"stk-row stk-inner-blocks stk-block-content stk-content-align stk-2505960-column\">\n<div class=\"wp-block-stackable-column stk-block-column stk-column stk-block stk-6b9c054\" data-v=\"4\" data-block-id=\"6b9c054\"><div class=\"stk-column-wrapper stk-block-column__content stk-container stk-6b9c054-container stk--no-background stk--no-padding\"><div class=\"stk-block-content stk-inner-blocks stk-6b9c054-inner-blocks\">\n<p class=\"has-medium-font-size\"><a href=\"https:\/\/wescue-france.myshopify.com\/\" target=\"_blank\" rel=\"noreferrer noopener\"><strong>Wescue<\/strong><\/a> Sprz\u0119t do ratownictwa i ewakuacji przeznaczony dla s\u0142u\u017cb ratunkowych, medycznych, policji, wojsk oraz innych organizacji wymagaj\u0105cych profesjonalnych rozwi\u0105za\u0144 ratunkowych<\/p>\n\n\n\n<div class=\"wp-block-greenshift-blocks-image gspb_image gspb_image-id-gsbp-f8c628b\" id=\"gspb_image-id-gsbp-f8c628b\"><a href=\"https:\/\/wescue-france.myshopify.com\/\" target=\"_blank\" rel=\"noopener\"><img decoding=\"async\" src=\"https:\/\/softarmour.pl\/wp-content\/uploads\/2026\/02\/wescue.webp\" data-src=\"\" alt=\"\" loading=\"lazy\" width=\"432\" height=\"252\"\/><\/a><\/div>\n<\/div><\/div><\/div>\n<\/div><\/div>\n<\/div>\n <\/div><\/section>\n\n\n<style>.wp-block-kadence-spacer.kt-block-spacer-429_3c5086-ed .kt-block-spacer{height:30px;}.wp-block-kadence-spacer.kt-block-spacer-429_3c5086-ed .kt-divider{border-top-width:5px;height:1px;border-top-color:var(--theme-palette-color-2, #fd7c47);width:75%;border-top-style:solid;}<\/style>\n<div class=\"wp-block-kadence-spacer aligncenter kt-block-spacer-429_3c5086-ed\"><div class=\"kt-block-spacer kt-block-spacer-halign-center\"><hr class=\"kt-divider\"\/><\/div><\/div>\n\n\n\n<section class=\"wp-block-greenshift-blocks-row alignfull gspb_row gspb_row-id-gsbp-7db0d14\" id=\"gspb_row-id-gsbp-7db0d14\"><div class=\"gspb_row__content\"> \n<div class=\"wp-block-greenshift-blocks-row-column gspb_row__col--12 gspb_col-id-gsbp-8e20f17\" id=\"gspb_col-id-gsbp-8e20f17\">\n<div class=\"wp-block-stackable-columns stk-block-columns stk-block stk-96c4bbe\" data-block-id=\"96c4bbe\"><div class=\"stk-row stk-inner-blocks stk-block-content stk-content-align stk-96c4bbe-column\">\n<div class=\"wp-block-stackable-column stk-block-column stk-column stk-block stk-7da2b82\" data-v=\"4\" data-block-id=\"7da2b82\"><div class=\"stk-column-wrapper stk-block-column__content stk-container stk-7da2b82-container stk--no-background stk--no-padding\"><div class=\"stk-block-content stk-inner-blocks stk-7da2b82-inner-blocks\">\n<p class=\"has-medium-font-size\"><a href=\"https:\/\/opcoptic.pl\" target=\"_blank\" rel=\"noreferrer noopener\"><strong>OPC<\/strong><\/a> Producent okular\u00f3w i produkt\u00f3w do ochrony wzroku.<\/p>\n\n\n\n<div class=\"wp-block-greenshift-blocks-image gspb_image gspb_image-id-gsbp-76c687c\" id=\"gspb_image-id-gsbp-76c687c\"><a href=\"https:\/\/opcoptic.pl\" target=\"_blank\" rel=\"noopener\"><img decoding=\"async\" src=\"https:\/\/softarmour.pl\/wp-content\/uploads\/2026\/03\/OPC-Logo.webp\" data-src=\"\" alt=\"OPC Logo\" loading=\"lazy\" width=\"600px\" height=\"262\"\/><\/a><\/div>\n<\/div><\/div><\/div>\n<\/div><\/div>\n<\/div>\n <\/div><\/section>\n\n\n<style>.wp-block-kadence-spacer.kt-block-spacer-429_939f10-d0 .kt-block-spacer{height:30px;}.wp-block-kadence-spacer.kt-block-spacer-429_939f10-d0 .kt-divider{border-top-width:5px;height:1px;border-top-color:var(--theme-palette-color-2, #fd7c47);width:75%;border-top-style:solid;}<\/style>\n<div class=\"wp-block-kadence-spacer aligncenter kt-block-spacer-429_939f10-d0\"><div class=\"kt-block-spacer kt-block-spacer-halign-center\"><hr class=\"kt-divider\"\/><\/div><\/div>\n\n\n\n<section class=\"wp-block-greenshift-blocks-row alignfull gspb_row gspb_row-id-gsbp-6955bbd\" id=\"gspb_row-id-gsbp-6955bbd\"><div class=\"gspb_row__content\"> \n<div class=\"wp-block-greenshift-blocks-row-column gspb_row__col--12 gspb_col-id-gsbp-0dc257e\" id=\"gspb_col-id-gsbp-0dc257e\">\n<div class=\"wp-block-stackable-columns stk-block-columns stk-block stk-585fa2f\" data-block-id=\"585fa2f\"><div class=\"stk-row stk-inner-blocks stk-block-content stk-content-align stk-585fa2f-column\">\n<div class=\"wp-block-stackable-column stk-block-column stk-column stk-block stk-1306516\" data-v=\"4\" data-block-id=\"1306516\"><div class=\"stk-column-wrapper stk-block-column__content stk-container stk-1306516-container stk--no-background stk--no-padding\"><div class=\"stk-block-content stk-inner-blocks stk-1306516-inner-blocks\">\n<p class=\"has-medium-font-size\"><a href=\"https:\/\/sibeza.pl\/\" target=\"_blank\" rel=\"noreferrer noopener\"><strong>SIBEZA<\/strong><\/a> Producent obuwia.<\/p>\n\n\n\n<div class=\"wp-block-greenshift-blocks-image gspb_image gspb_image-id-gsbp-08ef61b\" id=\"gspb_image-id-gsbp-08ef61b\"><a href=\"https:\/\/sibeza.pl\/\" target=\"_blank\" rel=\"noopener\"><img decoding=\"async\" src=\"https:\/\/softarmour.pl\/wp-content\/uploads\/2026\/04\/Sibeza.webp\" data-src=\"\" alt=\"\" loading=\"lazy\" width=\"600px\" height=\"310\"\/><\/a><\/div>\n<\/div><\/div><\/div>\n<\/div><\/div>\n<\/div>\n <\/div><\/section>\n\n\n<style>.wp-block-kadence-spacer.kt-block-spacer-429_cc02e9-c9 .kt-block-spacer{height:30px;}.wp-block-kadence-spacer.kt-block-spacer-429_cc02e9-c9 .kt-divider{border-top-width:5px;height:1px;border-top-color:var(--theme-palette-color-2, #fd7c47);width:75%;border-top-style:solid;}<\/style>\n<div class=\"wp-block-kadence-spacer aligncenter kt-block-spacer-429_cc02e9-c9\"><div class=\"kt-block-spacer kt-block-spacer-halign-center\"><hr class=\"kt-divider\"\/><\/div><\/div>\n\n\n\n<p class=\"has-medium-font-size\"><strong><a href=\"https:\/\/i-mka.pl\/\" target=\"_blank\" rel=\"noopener\">I-MKA<\/a> Marek Kajko<\/strong> Opieka nad stron\u0105. Tworzenie stron internetowych i grafik.<\/p>\n\n\n\n<section class=\"wp-block-greenshift-blocks-row alignfull gspb_row gspb_row-id-gsbp-63163ae\" id=\"gspb_row-id-gsbp-63163ae\"><div class=\"gspb_row__content\"> \n<div class=\"wp-block-greenshift-blocks-row-column gspb_row__col--12 gspb_col-id-gsbp-514c6d2\" id=\"gspb_col-id-gsbp-514c6d2\">\n<div class=\"wp-block-stackable-image stk-block-image stk-block stk-0f83ea6\" data-block-id=\"0f83ea6\"><style>.stk-0f83ea6 .stk-img-wrapper{width:300px !important;}<\/style><figure><span class=\"stk-img-wrapper stk-image--shape-stretch\"><img loading=\"lazy\" decoding=\"async\" class=\"stk-img wp-image-425\" src=\"https:\/\/softarmour.pl\/wp-content\/uploads\/2025\/12\/cropped-favicon-I-MKA-300x300.png\" width=\"300\" height=\"300\" alt=\"alehale\" srcset=\"https:\/\/softarmour.pl\/wp-content\/uploads\/2025\/12\/cropped-favicon-I-MKA-300x300.png 300w, https:\/\/softarmour.pl\/wp-content\/uploads\/2025\/12\/cropped-favicon-I-MKA-150x150.png 150w, https:\/\/softarmour.pl\/wp-content\/uploads\/2025\/12\/cropped-favicon-I-MKA-12x12.png 12w, https:\/\/softarmour.pl\/wp-content\/uploads\/2025\/12\/cropped-favicon-I-MKA-500x500.png 500w, https:\/\/softarmour.pl\/wp-content\/uploads\/2025\/12\/cropped-favicon-I-MKA-100x100.png 100w, https:\/\/softarmour.pl\/wp-content\/uploads\/2025\/12\/cropped-favicon-I-MKA.png 512w\" sizes=\"auto, (max-width: 300px) 100vw, 300px\" \/><\/span><\/figure><\/div>\n<\/div>\n <\/div><\/section>\n\n\n\n<p><\/p>","protected":false},"excerpt":{"rendered":"<p>Partnerzy i wsp\u00f3\u0142praca: ALEHALE &#8211; projektowanie, produkcja i monta\u017c&nbsp;Hal Stalowych,&nbsp;Kontener\u00f3w&nbsp;oraz&nbsp;Mobilnych Dom\u00f3w Do pobrania Katalogi w j\u0119zyku francuskim polskim i angielskim: I-MKA Marek Kajko Opieka nad stron\u0105. Tworzenie stron internetowych i grafik.<\/p>","protected":false},"author":1,"featured_media":0,"parent":0,"menu_order":0,"comment_status":"closed","ping_status":"closed","template":"","meta":{"_gspb_post_css":"#gspb_row-id-gsbp-e77effd>.gspb_row__content{display:flex;justify-content:space-between;margin:0 auto;width:100%;flex-wrap:wrap}.gspb_row{position:relative}div[id^=gspb_col-id]{box-sizing:border-box;position:relative;padding:var(--gs-row-column-padding, 15px min(3vw, 20px))}#gspb_col-id-gsbp-ae31162.gspb_row__col--12{width:100%}@media (max-width:575.98px){#gspb_col-id-gsbp-ae31162.gspb_row__col--12{width:100%}}#gspb_row-id-gsbp-40d57b7,#gspb_row-id-gsbp-562596d,#gspb_row-id-gsbp-e77effd{justify-content:space-between;margin-top:0;margin-bottom:0;display:flex;flex-wrap:wrap}#gspb_row-id-gsbp-40d57b7>.gspb_row__content{display:flex;justify-content:space-between;margin:0 auto;width:100%;flex-wrap:wrap}body.gspb-bodyfront #gspb_row-id-gsbp-40d57b7>.gspb_row__content,body.gspb-bodyfront #gspb_row-id-gsbp-e77effd>.gspb_row__content{width:var(--theme-container-width, 1200px);max-width:var(--theme-normal-container-max-width, 1200px)}#gspb_col-id-gsbp-d3e39f3.gspb_row__col--12{width:100%}@media (max-width:575.98px){#gspb_col-id-gsbp-d3e39f3.gspb_row__col--12{width:100%}}#gspb_row-id-gsbp-562596d>.gspb_row__content{display:flex;justify-content:space-between;margin:0 auto;width:100%;flex-wrap:wrap}#gspb_col-id-gsbp-ee13dd8.gspb_row__col--12{width:100%}@media (max-width:575.98px){#gspb_col-id-gsbp-ee13dd8.gspb_row__col--12{width:100%}}#gspb_image-id-gsbp-b7ced3d{text-align:center;margin-bottom:0;height:auto}#gspb_image-id-gsbp-b7ced3d img{object-position:50% 20%;vertical-align:top;display:inline-block;box-sizing:border-box;max-width:100%;width:600px;height:auto}@media (max-width:991.98px){#gspb_image-id-gsbp-b7ced3d,#gspb_image-id-gsbp-b7ced3d img{height:auto}}@media (max-width:767.98px){#gspb_image-id-gsbp-b7ced3d,#gspb_image-id-gsbp-b7ced3d img{height:auto}}@media (max-width:575.98px){#gspb_image-id-gsbp-b7ced3d,#gspb_image-id-gsbp-b7ced3d img{height:auto}}#gspb_row-id-gsbp-d52c204{justify-content:space-between;margin-top:0;margin-bottom:0;display:flex;flex-wrap:wrap}#gspb_row-id-gsbp-d52c204>.gspb_row__content{display:flex;justify-content:space-between;margin:0 auto;width:100%;flex-wrap:wrap}body.gspb-bodyfront #gspb_row-id-gsbp-562596d>.gspb_row__content,body.gspb-bodyfront #gspb_row-id-gsbp-d52c204>.gspb_row__content{width:var(--theme-container-width, 1200px);max-width:var(--theme-normal-container-max-width, 1200px)}#gspb_col-id-gsbp-6af402f.gspb_row__col--12{width:100%}@media (max-width:575.98px){#gspb_col-id-gsbp-6af402f.gspb_row__col--12{width:100%}}#gspb_image-id-gsbp-5fc48e6{text-align:center;margin-top:0;height:auto}#gspb_image-id-gsbp-5fc48e6 img{object-position:56.99999999999999% 46%;vertical-align:top;display:inline-block;box-sizing:border-box;max-width:100%;width:600px;height:auto}@media (max-width:991.98px){#gspb_image-id-gsbp-5fc48e6,#gspb_image-id-gsbp-5fc48e6 img{height:auto}}@media (max-width:767.98px){#gspb_image-id-gsbp-5fc48e6,#gspb_image-id-gsbp-5fc48e6 img{height:auto}}@media (max-width:575.98px){#gspb_image-id-gsbp-5fc48e6,#gspb_image-id-gsbp-5fc48e6 img{height:auto}}#gspb_row-id-gsbp-cd9b2f8{justify-content:space-between;margin-top:0;margin-bottom:0;display:flex;flex-wrap:wrap}#gspb_row-id-gsbp-cd9b2f8>.gspb_row__content{display:flex;justify-content:space-between;margin:0 auto;width:100%;flex-wrap:wrap}#gspb_col-id-gsbp-a108e70.gspb_row__col--12{width:100%}@media (max-width:575.98px){#gspb_col-id-gsbp-a108e70.gspb_row__col--12{width:100%}}#gspb_image-id-gsbp-f8c628b{text-align:center;margin-top:0}#gspb_image-id-gsbp-76c687c img,#gspb_image-id-gsbp-f8c628b img{object-position:56.99999999999999% 46%;vertical-align:top;display:inline-block;box-sizing:border-box;max-width:100%;height:auto}#gspb_row-id-gsbp-7db0d14{justify-content:space-between;margin-top:0;margin-bottom:0;display:flex;flex-wrap:wrap}#gspb_row-id-gsbp-7db0d14>.gspb_row__content{display:flex;justify-content:space-between;margin:0 auto;width:100%;flex-wrap:wrap}body.gspb-bodyfront #gspb_row-id-gsbp-7db0d14>.gspb_row__content,body.gspb-bodyfront #gspb_row-id-gsbp-cd9b2f8>.gspb_row__content{width:var(--theme-container-width, 1200px);max-width:var(--theme-normal-container-max-width, 1200px)}#gspb_col-id-gsbp-8e20f17.gspb_row__col--12{width:100%}@media (max-width:575.98px){#gspb_col-id-gsbp-8e20f17.gspb_row__col--12{width:100%}}#gspb_image-id-gsbp-76c687c{text-align:center;margin-top:0;height:auto}#gspb_image-id-gsbp-76c687c img{width:600px}@media (max-width:991.98px){#gspb_image-id-gsbp-76c687c,#gspb_image-id-gsbp-76c687c img{height:auto}}@media (max-width:767.98px){#gspb_image-id-gsbp-76c687c,#gspb_image-id-gsbp-76c687c img{height:auto}}@media (max-width:575.98px){#gspb_image-id-gsbp-76c687c,#gspb_image-id-gsbp-76c687c img{height:auto}}#gspb_row-id-gsbp-63163ae,#gspb_row-id-gsbp-6955bbd{justify-content:space-between;margin-top:0;margin-bottom:0;display:flex;flex-wrap:wrap}#gspb_row-id-gsbp-63163ae>.gspb_row__content{display:flex;justify-content:space-between;margin:0 auto;width:100%;flex-wrap:wrap}#gspb_col-id-gsbp-514c6d2.gspb_row__col--12{width:100%}@media (max-width:575.98px){#gspb_col-id-gsbp-514c6d2.gspb_row__col--12{width:100%}}#gspb_row-id-gsbp-6955bbd>.gspb_row__content{display:flex;justify-content:space-between;margin:0 auto;width:100%;flex-wrap:wrap}body.gspb-bodyfront #gspb_row-id-gsbp-63163ae>.gspb_row__content,body.gspb-bodyfront #gspb_row-id-gsbp-6955bbd>.gspb_row__content{width:var(--theme-container-width, 1200px);max-width:var(--theme-normal-container-max-width, 1200px)}#gspb_col-id-gsbp-0dc257e.gspb_row__col--12{width:100%}@media (max-width:575.98px){#gspb_col-id-gsbp-0dc257e.gspb_row__col--12{width:100%}}#gspb_image-id-gsbp-08ef61b{text-align:center;margin-top:0;height:auto}#gspb_image-id-gsbp-08ef61b img{object-position:56.99999999999999% 46%;vertical-align:top;display:inline-block;box-sizing:border-box;max-width:100%;width:600px;height:auto}@media (max-width:991.98px){#gspb_image-id-gsbp-08ef61b,#gspb_image-id-gsbp-08ef61b img{height:auto}}@media (max-width:767.98px){#gspb_image-id-gsbp-08ef61b,#gspb_image-id-gsbp-08ef61b img{height:auto}}@media (max-width:575.98px){#gspb_image-id-gsbp-08ef61b,#gspb_image-id-gsbp-08ef61b img{height:auto}}","footnotes":""},"class_list":["post-429","page","type-page","status-publish","hentry"],"blocksy_meta":[],"_links":{"self":[{"href":"https:\/\/softarmour.pl\/en\/wp-json\/wp\/v2\/pages\/429","targetHints":{"allow":["GET"]}}],"collection":[{"href":"https:\/\/softarmour.pl\/en\/wp-json\/wp\/v2\/pages"}],"about":[{"href":"https:\/\/softarmour.pl\/en\/wp-json\/wp\/v2\/types\/page"}],"author":[{"embeddable":true,"href":"https:\/\/softarmour.pl\/en\/wp-json\/wp\/v2\/users\/1"}],"replies":[{"embeddable":true,"href":"https:\/\/softarmour.pl\/en\/wp-json\/wp\/v2\/comments?post=429"}],"version-history":[{"count":51,"href":"https:\/\/softarmour.pl\/en\/wp-json\/wp\/v2\/pages\/429\/revisions"}],"predecessor-version":[{"id":673,"href":"https:\/\/softarmour.pl\/en\/wp-json\/wp\/v2\/pages\/429\/revisions\/673"}],"wp:attachment":[{"href":"https:\/\/softarmour.pl\/en\/wp-json\/wp\/v2\/media?parent=429"}],"curies":[{"name":"wp","href":"https:\/\/api.w.org\/{rel}","templated":true}]}}