{"id":13,"date":"2025-04-23T13:45:53","date_gmt":"2025-04-23T13:45:53","guid":{"rendered":"https:\/\/softarmour.pl\/?page_id=13"},"modified":"2025-05-10T16:14:27","modified_gmt":"2025-05-10T16:14:27","slug":"kontakt","status":"publish","type":"page","link":"https:\/\/softarmour.pl\/en\/kontakt\/","title":{"rendered":"Contact"},"content":{"rendered":"<style>.kb-row-layout-id13_606b6e-1b > .kt-row-column-wrap{align-content:center;}:where(.kb-row-layout-id13_606b6e-1b > .kt-row-column-wrap) > .wp-block-kadence-column{justify-content:center;}.kb-row-layout-id13_606b6e-1b > .kt-row-column-wrap{column-gap:var(--global-kb-gap-md, 2rem);row-gap:var(--global-kb-gap-md, 2rem);max-width:1290px;padding-top:var(--global-kb-spacing-xxl, 5rem);padding-bottom:var(--global-kb-spacing-lg, 3rem);grid-template-columns:minmax(0, 1fr);}.kb-row-layout-id13_606b6e-1b{background-color:var(--global-palette8, #F7FAFC);}.kb-row-layout-id13_606b6e-1b > .kt-row-layout-overlay{opacity:0.30;}@media all and (max-width: 1024px){.kb-row-layout-id13_606b6e-1b > .kt-row-column-wrap{grid-template-columns:minmax(0, 1fr);}}@media all and (max-width: 767px){.kb-row-layout-id13_606b6e-1b > .kt-row-column-wrap{grid-template-columns:minmax(0, 1fr);}}<\/style><div class=\"kb-row-layout-wrap kb-row-layout-id13_606b6e-1b alignfull has-theme-palette8-background-color kt-row-has-bg wp-block-kadence-rowlayout\"><div class=\"kt-row-column-wrap kt-has-1-columns kt-row-layout-equal kt-tab-layout-inherit kt-mobile-layout-row kt-row-valign-middle kb-theme-content-width\">\n<style>.kadence-column13_6c3cf3-c4 > .kt-inside-inner-col{display:flex;}.kadence-column13_6c3cf3-c4 > .kt-inside-inner-col,.kadence-column13_6c3cf3-c4 > .kt-inside-inner-col:before{border-top-left-radius:0px;border-top-right-radius:0px;border-bottom-right-radius:0px;border-bottom-left-radius:0px;}.kadence-column13_6c3cf3-c4 > .kt-inside-inner-col{column-gap:var(--global-kb-gap-sm, 1rem);}.kadence-column13_6c3cf3-c4 > .kt-inside-inner-col{flex-direction:row;flex-wrap:wrap;align-items:center;}.kadence-column13_6c3cf3-c4 > .kt-inside-inner-col > *, .kadence-column13_6c3cf3-c4 > .kt-inside-inner-col > figure.wp-block-image, .kadence-column13_6c3cf3-c4 > .kt-inside-inner-col > figure.wp-block-kadence-image{margin-top:0px;margin-bottom:0px;}.kadence-column13_6c3cf3-c4 > .kt-inside-inner-col > .kb-image-is-ratio-size{flex-grow:1;}.kt-row-column-wrap > .kadence-column13_6c3cf3-c4{align-self:center;}.kt-inner-column-height-full:not(.kt-has-1-columns) > .wp-block-kadence-column.kadence-column13_6c3cf3-c4{align-self:auto;}.kt-inner-column-height-full:not(.kt-has-1-columns) > .wp-block-kadence-column.kadence-column13_6c3cf3-c4 > .kt-inside-inner-col{align-items:center;}.kadence-column13_6c3cf3-c4 > .kt-inside-inner-col:before{opacity:0.3;}.kadence-column13_6c3cf3-c4{position:relative;}@media all and (max-width: 1024px){.kt-row-column-wrap > .kadence-column13_6c3cf3-c4{align-self:center;}}@media all and (max-width: 1024px){.kt-inner-column-height-full:not(.kt-has-1-columns) > .wp-block-kadence-column.kadence-column13_6c3cf3-c4{align-self:auto;}}@media all and (max-width: 1024px){.kt-inner-column-height-full:not(.kt-has-1-columns) > .wp-block-kadence-column.kadence-column13_6c3cf3-c4 > .kt-inside-inner-col{align-items:center;}}@media all and (max-width: 1024px){.kadence-column13_6c3cf3-c4 > .kt-inside-inner-col{flex-direction:row;flex-wrap:wrap;align-items:center;}}@media all and (min-width: 768px) and (max-width: 1024px){.kadence-column13_6c3cf3-c4 > .kt-inside-inner-col > *, .kadence-column13_6c3cf3-c4 > .kt-inside-inner-col > figure.wp-block-image, .kadence-column13_6c3cf3-c4 > .kt-inside-inner-col > figure.wp-block-kadence-image{margin-top:0px;margin-bottom:0px;}.kadence-column13_6c3cf3-c4 > .kt-inside-inner-col > .kb-image-is-ratio-size{flex-grow:1;}}@media all and (max-width: 767px){.kt-row-column-wrap > .kadence-column13_6c3cf3-c4{align-self:center;}.kt-inner-column-height-full:not(.kt-has-1-columns) > .wp-block-kadence-column.kadence-column13_6c3cf3-c4{align-self:auto;}.kt-inner-column-height-full:not(.kt-has-1-columns) > .wp-block-kadence-column.kadence-column13_6c3cf3-c4 > .kt-inside-inner-col{align-items:center;}.kadence-column13_6c3cf3-c4 > .kt-inside-inner-col{flex-direction:row;flex-wrap:wrap;justify-content:flex-start;}.kadence-column13_6c3cf3-c4 > .kt-inside-inner-col > *, .kadence-column13_6c3cf3-c4 > .kt-inside-inner-col > figure.wp-block-image, .kadence-column13_6c3cf3-c4 > .kt-inside-inner-col > figure.wp-block-kadence-image{margin-top:0px;margin-bottom:0px;}.kadence-column13_6c3cf3-c4 > .kt-inside-inner-col > .kb-image-is-ratio-size{flex-grow:1;}}<\/style>\n<div class=\"wp-block-kadence-column kadence-column13_6c3cf3-c4 kb-section-dir-horizontal\"><div class=\"kt-inside-inner-col\"><style>.kadence-column13_41c706-e1{max-width:50px;margin-left:auto;margin-right:auto;}.wp-block-kadence-column.kb-section-dir-horizontal:not(.kb-section-md-dir-vertical)>.kt-inside-inner-col>.kadence-column13_41c706-e1{-webkit-flex:0 1 50px;flex:0 1 50px;max-width:unset;margin-left:unset;margin-right:unset;}.kadence-column13_41c706-e1 > .kt-inside-inner-col,.kadence-column13_41c706-e1 > .kt-inside-inner-col:before{border-top-left-radius:0px;border-top-right-radius:0px;border-bottom-right-radius:0px;border-bottom-left-radius:0px;}.kadence-column13_41c706-e1 > .kt-inside-inner-col{column-gap:var(--global-kb-gap-sm, 1rem);}.kadence-column13_41c706-e1 > .kt-inside-inner-col{flex-direction:column;}.kadence-column13_41c706-e1 > .kt-inside-inner-col > .aligncenter{width:100%;}.kadence-column13_41c706-e1 > .kt-inside-inner-col:before{opacity:0.3;}.kadence-column13_41c706-e1{position:relative;}@media all and (min-width: 1025px){.wp-block-kadence-column.kb-section-dir-horizontal>.kt-inside-inner-col>.kadence-column13_41c706-e1{-webkit-flex:0 1 50px;flex:0 1 50px;max-width:unset;margin-left:unset;margin-right:unset;}}@media all and (max-width: 1024px){.kadence-column13_41c706-e1 > .kt-inside-inner-col{flex-direction:column;justify-content:center;}}@media all and (max-width: 767px){.wp-block-kadence-column.kb-section-sm-dir-vertical:not(.kb-section-sm-dir-horizontal):not(.kb-section-sm-dir-specificity)>.kt-inside-inner-col>.kadence-column13_41c706-e1{max-width:50px;-webkit-flex:1;flex:1;margin-left:auto;margin-right:auto;}.kadence-column13_41c706-e1 > .kt-inside-inner-col{flex-direction:column;justify-content:center;}}<\/style>\n<div class=\"wp-block-kadence-column kadence-column13_41c706-e1\"><div class=\"kt-inside-inner-col\"><style>.wp-block-kadence-spacer.kt-block-spacer-13_a36634-03 .kt-block-spacer{height:60px;}.wp-block-kadence-spacer.kt-block-spacer-13_a36634-03 .kt-divider{border-top-width:2px;border-top-color:var(--global-palette3, #1A202C);width:100%;border-top-style:solid;}<\/style>\n<div class=\"wp-block-kadence-spacer aligncenter kt-block-spacer-13_a36634-03\"><div class=\"kt-block-spacer kt-block-spacer-halign-center\"><hr class=\"kt-divider\"\/><\/div><\/div>\n<\/div><\/div>\n\n\n<style>.wp-block-kadence-advancedheading.kt-adv-heading13_b1d080-bc, .wp-block-kadence-advancedheading.kt-adv-heading13_b1d080-bc[data-kb-block=\"kb-adv-heading13_b1d080-bc\"]{padding-bottom:0px;margin-top:0px;text-align:center;font-size:40px;font-style:normal;text-transform:uppercase;}.wp-block-kadence-advancedheading.kt-adv-heading13_b1d080-bc mark.kt-highlight, .wp-block-kadence-advancedheading.kt-adv-heading13_b1d080-bc[data-kb-block=\"kb-adv-heading13_b1d080-bc\"] mark.kt-highlight{font-style:normal;color:#f76a0c;-webkit-box-decoration-break:clone;box-decoration-break:clone;padding-top:0px;padding-right:0px;padding-bottom:0px;padding-left:0px;}.wp-block-kadence-advancedheading.kt-adv-heading13_b1d080-bc img.kb-inline-image, .wp-block-kadence-advancedheading.kt-adv-heading13_b1d080-bc[data-kb-block=\"kb-adv-heading13_b1d080-bc\"] img.kb-inline-image{width:150px;vertical-align:baseline;}<\/style>\n<h3 class=\"kt-adv-heading13_b1d080-bc wp-block-kadence-advancedheading\" data-kb-block=\"kb-adv-heading13_b1d080-bc\">Skontaktuj si\u0119 z nami<\/h3>\n\n\n<style>.kadence-column13_d404d5-34 > .kt-inside-inner-col,.kadence-column13_d404d5-34 > .kt-inside-inner-col:before{border-top-left-radius:0px;border-top-right-radius:0px;border-bottom-right-radius:0px;border-bottom-left-radius:0px;}.kadence-column13_d404d5-34 > .kt-inside-inner-col{column-gap:var(--global-kb-gap-sm, 1rem);}.kadence-column13_d404d5-34 > .kt-inside-inner-col{flex-direction:column;}.kadence-column13_d404d5-34 > .kt-inside-inner-col > .aligncenter{width:100%;}.kadence-column13_d404d5-34 > .kt-inside-inner-col:before{opacity:0.3;}.kadence-column13_d404d5-34{position:relative;}@media all and (max-width: 1024px){.kadence-column13_d404d5-34 > .kt-inside-inner-col{flex-direction:column;justify-content:center;}}@media all and (max-width: 767px){.kadence-column13_d404d5-34 > .kt-inside-inner-col{flex-direction:column;justify-content:center;}}<\/style>\n<div class=\"wp-block-kadence-column kadence-column13_d404d5-34\"><div class=\"kt-inside-inner-col\"><style>.wp-block-kadence-spacer.kt-block-spacer-13_7b7185-11 .kt-block-spacer{height:60px;}.wp-block-kadence-spacer.kt-block-spacer-13_7b7185-11 .kt-divider{border-top-width:2px;border-top-color:var(--global-palette3, #1A202C);width:100%;border-top-style:solid;}<\/style>\n<div class=\"wp-block-kadence-spacer aligncenter kt-block-spacer-13_7b7185-11\"><div class=\"kt-block-spacer kt-block-spacer-halign-center\"><hr class=\"kt-divider\"\/><\/div><\/div>\n<\/div><\/div>\n<\/div><\/div>\n\n<\/div><\/div>\n\n\n<div class=\"wp-block-greenshift-blocks-row gspb_row gspb_row-id-gsbp-e477f5b\" id=\"gspb_row-id-gsbp-e477f5b\"><div class=\"gspb_row__content\"> \n<div class=\"wp-block-greenshift-blocks-row-column gspb_row__col--6 gspb_col-id-gsbp-ca79f48\" id=\"gspb_col-id-gsbp-ca79f48\">\n<h2 class=\"wp-block-heading\" id=\"napisz-do-nas\" style=\"margin-top:var(--wp--preset--spacing--80);margin-bottom:var(--wp--preset--spacing--50)\">Zadzwo\u0144 do nas:<\/h2>\n\n\n\n<div class=\"wp-block-greenshift-blocks-iconlist gspb_iconsList gspb_iconsList-id-gsbp-993829e\" id=\"gspb_iconsList-id-gsbp-993829e\"><div class=\"gspb_iconsList__item\" data-id=\"0\"><svg class=\"\" style=\"display:inline-block;vertical-align:middle\" width=\"18\" height=\"18\" viewBox=\"0 0 1024 1024\" xmlns=\"http:\/\/www.w3.org\/2000\/svg\"><path style=\"fill:#565D66\" d=\"M953 45.8l-188.4-43.4c-43.2-10-87.2 12.4-104.6 53.2l-87 203c-16 37.2-5.2 81.2 26.2 106.8l80 65.4c-57.2 104.8-143.6 191.2-248.4 248.2l-65.4-80c-25.6-31.4-69.6-42.2-106.8-26.2l-203.2 87c-40.8 17.4-63 61.4-53.2 104.6l43.4 188.4c9.6 41.8 46.4 71 89.2 71 489.8 0.2 889.2-396.4 889.2-888.8 0-42.8-29.2-79.6-71-89.2zM138.6 928l-41.8-181.4 196.4-84.2 111.4 136.2c197.6-92.8 301.2-196 394-394l-136.2-111.4 84.2-196.4 181.4 41.8c-2 435.2-354.2 787.4-789.4 789.4z\"><\/path><\/svg><span class=\"gspb_iconsList__item__text\">+48 502 640 950<\/span><\/div><\/div>\n\n\n\n<div class=\"wp-block-greenshift-blocks-iconlist gspb_iconsList gspb_iconsList-id-gsbp-b424d6e\" id=\"gspb_iconsList-id-gsbp-b424d6e\"><div class=\"gspb_iconsList__item\" data-id=\"0\"><svg class=\"\" style=\"display:inline-block;vertical-align:middle\" width=\"18\" height=\"18\" viewBox=\"0 0 1024 1024\" xmlns=\"http:\/\/www.w3.org\/2000\/svg\"><path style=\"fill:#565D66\" d=\"M953 45.8l-188.4-43.4c-43.2-10-87.2 12.4-104.6 53.2l-87 203c-16 37.2-5.2 81.2 26.2 106.8l80 65.4c-57.2 104.8-143.6 191.2-248.4 248.2l-65.4-80c-25.6-31.4-69.6-42.2-106.8-26.2l-203.2 87c-40.8 17.4-63 61.4-53.2 104.6l43.4 188.4c9.6 41.8 46.4 71 89.2 71 489.8 0.2 889.2-396.4 889.2-888.8 0-42.8-29.2-79.6-71-89.2zM138.6 928l-41.8-181.4 196.4-84.2 111.4 136.2c197.6-92.8 301.2-196 394-394l-136.2-111.4 84.2-196.4 181.4 41.8c-2 435.2-354.2 787.4-789.4 789.4z\"><\/path><\/svg><span class=\"gspb_iconsList__item__text\">+33 683 020 128<\/span><\/div><\/div>\n<\/div>\n\n\n\n<div class=\"wp-block-greenshift-blocks-row-column gspb_row__col--6 gspb_col-id-gsbp-c7e0c99\" id=\"gspb_col-id-gsbp-c7e0c99\">\n<h2 class=\"wp-block-heading\" id=\"napisz-do-nas\" style=\"margin-top:var(--wp--preset--spacing--80);margin-bottom:var(--wp--preset--spacing--50)\">Email: <\/h2>\n\n\n\n<div class=\"wp-block-greenshift-blocks-iconlist gspb_iconsList gspb_iconsList-id-gsbp-3a29477\" id=\"gspb_iconsList-id-gsbp-3a29477\"><div class=\"gspb_iconsList__item\" data-id=\"0\"><svg class=\"\" style=\"display:inline-block;vertical-align:middle\" width=\"18\" height=\"18\" viewBox=\"0 0 1024 1024\" xmlns=\"http:\/\/www.w3.org\/2000\/svg\"><path style=\"fill:#565D66\" d=\"M928 8.6l-896 516.8c-46 26.6-41.4 94.4 7.6 114.6l280.4 116v204c0 60.4 75.6 86.6 113.4 40.6l121.4-147.6 252.8 104.4c38.2 15.8 81.4-8.4 87.6-49.4l128-834.2c8.2-53.4-49.2-91.8-95.2-65.2zM384 960v-177.6l109 45-109 132.6zM832 898.2l-412.4-170.4 399-471.6c9.6-11.2-5.8-26.4-17-16.8l-510.6 435.2-227-93.6 896-517-128 834.2z\"><\/path><\/svg><span class=\"gspb_iconsList__item__text\"><a href=\"mailto:kontakt@softarmour.pl\">kontakt@softarmour.pl<\/a><\/span><\/div><\/div>\n\n\n<style>.kb-identity13_5d2558-9a a{text-decoration:inherit;color:inherit;}<\/style><div class=\"kb-identity kb-identity13_5d2558-9a alignnone wp-block-kadence-identity\"><a href=\"https:\/\/softarmour.pl\/en\/\" class=\"kb-identity-layout-container kb-identity-layout-logo-only\">\n<div style=\"margin-right:var(--wp--preset--spacing--40);margin-top:var(--wp--preset--spacing--80);\" class=\"wp-block-site-logo\"><img loading=\"lazy\" decoding=\"async\" width=\"442\" height=\"67\" src=\"https:\/\/softarmour.pl\/wp-content\/uploads\/2025\/04\/soft-protect-logo-3.svg\" class=\"custom-logo\" alt=\"logo\" \/><\/div>\n<\/a><\/div><\/div>\n <\/div><\/div>\n\n\n\n<h2 class=\"wp-block-heading\" id=\"napisz-do-nas\" style=\"margin-top:var(--wp--preset--spacing--80);margin-bottom:var(--wp--preset--spacing--50)\">Napisz do nas:<\/h2>\n\n\n<style>.kadence-form-13_387704-09 .kb-form .kadence-blocks-form-field .kb-text-style-field, .kadence-form-13_387704-09 .kb-form .kadence-blocks-form-field .kb-select-style-field{border-color:var(--theme-palette-color-2, #fd7c47);}.kadence-form-13_387704-09 .kb-form .kadence-blocks-form-field .kb-forms-submit{border-width:1px 1px 1px 1px;background:var(--theme-palette-color-2, #fd7c47);border-color:var(--theme-palette-color-4, #111518);box-shadow:4px 4px 10px 0px rgba(0, 0, 0, 0.2);}.kadence-form-13_387704-09 .kb-form .kadence-blocks-form-field .kb-forms-submit:hover, .kadence-form-13_387704-09 .kb-form .kadence-blocks-form-field .kb-forms-submit:focus {background:var(--theme-palette-color-3, #687279);}.kadence-form-13_387704-09 .kb-form .kadence-blocks-form-field .kb-forms-submit{font-size:var(--global-kb-font-size-md, 1.25rem);font-family:Arial, Helvetica, sans-serif;font-style:normal;font-weight:bold;}.kb-form input.kadence-blocks-field.verify{opacity:0.0;position:absolute;top:0.0;left:0.0;width:0.0;height:0.0;z-index:-1;}<\/style>\n<div class=\"wp-block-kadence-form kadence-form-13_387704-09 kb-form-wrap\"><form class=\"kb-form\" action=\"\" method=\"post\"><div class=\"kadence-blocks-form-field kb-field-desk-width-100 kb-input-size-standard\"><label for=\"kb_field_13_387704-09_0\">Imi\u0119 i Nazwisko<span class=\"required\">*<\/span><\/label><span id=\"kb_field_desc_13_387704-09_0\" class=\"screen-reader-text\">imie i nazwisko<\/span><input name=\"kb_field_0\" id=\"kb_field_13_387704-09_0\" data-label=\"Imi\u0119 i Nazwisko\" type=\"text\" placeholder=\"Wpisz Imi\u0119\" value=\"\" data-type=\"text\" class=\"kb-field kb-text-style-field kb-text-field kb-field-0\" data-required=\"yes\" aria-describedby=\"kb_field_desc_13_387704-09_0\"\/><\/div><div class=\"kadence-blocks-form-field kb-form-field-1 kb-field-desk-width-100 kb-input-size-standard\"><label for=\"kb_field_13_387704-09_1\">Email<span class=\"required\">*<\/span><\/label><input name=\"kb_field_1\" id=\"kb_field_13_387704-09_1\" data-label=\"Email\" type=\"email\" placeholder=\"Email\" value=\"\" data-type=\"email\" class=\"kb-field kb-text-style-field kb-email-field kb-field-1\" data-required=\"yes\" data-required-message=\"Prosz\u0119 wpisa\u0107 email\"\/><\/div><div class=\"kadence-blocks-form-field kb-form-field-2 kb-field-desk-width-100 kb-input-size-standard\"><label for=\"kb_field_13_387704-09_2\">Wiadomo\u015b\u0107<span class=\"required\">*<\/span><\/label><textarea name=\"kb_field_2\" id=\"kb_field_13_387704-09_2\" data-label=\"Wiadomo\u015b\u0107\" type=\"textarea\" placeholder=\"Wpisz tre\u015b\u0107\u00a0wiadomo\u015bci\" data-type=\"textarea\" class=\"kb-field kb-text-style-field kb-textarea-field kb-field-2\" rows=\"4\" data-required=\"yes\" data-required-message=\"Prosz\u0119 wpisa\u0107 tre\u015b\u0107 wiadomo\u015bci\"><\/textarea><\/div><input type=\"hidden\" name=\"_kb_form_id\" value=\"13_387704-09\"\/><input type=\"hidden\" name=\"_kb_form_post_id\" value=\"13\"\/><input type=\"hidden\" name=\"action\" value=\"kb_process_ajax_submit\"\/><label class=\"kadence-verify-label\">Email<input class=\"kadence-blocks-field verify\" type=\"text\" name=\"_kb_verify_email\" autocomplete=\"new-password\" aria-hidden=\"true\" placeholder=\"Email\" tabindex=\"-1\" data-1p-ignore=\"true\" data-lpignore=\"true\" \/><\/label><div class=\"kadence-blocks-form-field kb-submit-field kb-field-desk-width-100\"><button class=\"kb-forms-submit button kb-button-size-large kb-button-width-auto\">Wy\u015blij<\/button><\/div><\/form><\/div>\n<noscript><div class=\"kadence-blocks-form-message kadence-blocks-form-warning\">Please enable JavaScript in your browser to submit the form<\/div><style>.kadence-form-13_387704-09 .kadence-blocks-form-field.kb-submit-field { display: none; }<\/style><\/noscript>\n\n\n<p><\/p>\n\n\n\n<p><\/p>\n","protected":false},"excerpt":{"rendered":"<p>Skontaktuj si\u0119 z nami Napisz do nas:<\/p>","protected":false},"author":1,"featured_media":0,"parent":0,"menu_order":0,"comment_status":"closed","ping_status":"closed","template":"","meta":{"_gspb_post_css":"#gspb_row-id-gsbp-e477f5b{justify-content:space-between;margin-top:0;margin-bottom:0;display:flex;flex-wrap:wrap}#gspb_row-id-gsbp-e477f5b>.gspb_row__content{display:flex;justify-content:space-between;margin:0 auto;width:100%;flex-wrap:wrap}.gspb_row{position:relative}div[id^=gspb_col-id]{box-sizing:border-box;position:relative;padding:var(--gs-row-column-padding, 15px min(3vw, 20px))}body.gspb-bodyfront #gspb_row-id-gsbp-e477f5b>.gspb_row__content{width:var(--theme-container-width, 1200px);max-width:var(--theme-normal-container-max-width, 1200px)}#gspb_col-id-gsbp-ca79f48.gspb_row__col--6{width:50%}@media (max-width:575.98px){#gspb_col-id-gsbp-ca79f48.gspb_row__col--6{width:100%}}#gspb_iconsList-id-gsbp-993829e.gspb_iconsList .gspb_iconsList__item__text{margin-left:15px}#gspb_iconsList-id-gsbp-993829e.gspb_iconsList .gspb_iconsList__item{display:flex;flex-direction:row;align-items:center;position:relative}#gspb_iconsList-id-gsbp-3a29477.gspb_iconsList .gspb_iconsList__item svg path,#gspb_iconsList-id-gsbp-993829e.gspb_iconsList .gspb_iconsList__item svg path,#gspb_iconsList-id-gsbp-b424d6e.gspb_iconsList .gspb_iconsList__item svg path{fill:var(--theme-link-initial-color, #2184f9)!important}#gspb_iconsList-id-gsbp-3a29477.gspb_iconsList [data-id='0'] svg,#gspb_iconsList-id-gsbp-993829e.gspb_iconsList [data-id='0'] svg,#gspb_iconsList-id-gsbp-b424d6e.gspb_iconsList [data-id='0'] svg,body #gspb_iconsList-id-gsbp-3a29477.gspb_iconsList .gspb_iconsList__item img,body #gspb_iconsList-id-gsbp-3a29477.gspb_iconsList .gspb_iconsList__item svg,body #gspb_iconsList-id-gsbp-993829e.gspb_iconsList .gspb_iconsList__item img,body #gspb_iconsList-id-gsbp-993829e.gspb_iconsList .gspb_iconsList__item svg,body #gspb_iconsList-id-gsbp-b424d6e.gspb_iconsList .gspb_iconsList__item img,body #gspb_iconsList-id-gsbp-b424d6e.gspb_iconsList .gspb_iconsList__item svg{margin:0!important}#gspb_iconsList-id-gsbp-b424d6e.gspb_iconsList .gspb_iconsList__item__text{margin-left:15px}#gspb_iconsList-id-gsbp-b424d6e.gspb_iconsList .gspb_iconsList__item{display:flex;flex-direction:row;align-items:center;position:relative}#gspb_col-id-gsbp-c7e0c99.gspb_row__col--6{width:50%}@media (max-width:575.98px){#gspb_col-id-gsbp-c7e0c99.gspb_row__col--6{width:100%}}#gspb_iconsList-id-gsbp-3a29477.gspb_iconsList .gspb_iconsList__item__text{margin-left:15px}#gspb_iconsList-id-gsbp-3a29477.gspb_iconsList .gspb_iconsList__item{display:flex;flex-direction:row;align-items:center;position:relative}","footnotes":""},"class_list":["post-13","page","type-page","status-publish","hentry"],"blocksy_meta":[],"_links":{"self":[{"href":"https:\/\/softarmour.pl\/en\/wp-json\/wp\/v2\/pages\/13","targetHints":{"allow":["GET"]}}],"collection":[{"href":"https:\/\/softarmour.pl\/en\/wp-json\/wp\/v2\/pages"}],"about":[{"href":"https:\/\/softarmour.pl\/en\/wp-json\/wp\/v2\/types\/page"}],"author":[{"embeddable":true,"href":"https:\/\/softarmour.pl\/en\/wp-json\/wp\/v2\/users\/1"}],"replies":[{"embeddable":true,"href":"https:\/\/softarmour.pl\/en\/wp-json\/wp\/v2\/comments?post=13"}],"version-history":[{"count":23,"href":"https:\/\/softarmour.pl\/en\/wp-json\/wp\/v2\/pages\/13\/revisions"}],"predecessor-version":[{"id":328,"href":"https:\/\/softarmour.pl\/en\/wp-json\/wp\/v2\/pages\/13\/revisions\/328"}],"wp:attachment":[{"href":"https:\/\/softarmour.pl\/en\/wp-json\/wp\/v2\/media?parent=13"}],"curies":[{"name":"wp","href":"https:\/\/api.w.org\/{rel}","templated":true}]}}